{"id":10681,"date":"2018-02-05T11:31:48","date_gmt":"2018-02-05T11:31:48","guid":{"rendered":"https:\/\/www.amperetranslations.com\/it-software\/"},"modified":"2020-02-04T11:51:53","modified_gmt":"2020-02-04T11:51:53","slug":"ti-y-software","status":"publish","type":"page","link":"https:\/\/www.amperetranslations.com\/es\/ti-y-software\/","title":{"rendered":"TI y software"},"content":{"rendered":"<div class=\"wpb-content-wrapper\"><p>[vc_row][vc_column][vc_single_image image=\u00bb8677&#8243; img_size=\u00bb1600&#215;250&#8243; alignment=\u00bbcenter\u00bb][\/vc_column][\/vc_row][vc_row gap=\u00bb25&#8243; content_placement=\u00bbtop\u00bb css=\u00bb.vc_custom_1516188205269{margin-bottom: 4% !important;padding-top: 0px !important;}\u00bb][vc_column width=\u00bb1\/4&#8243; offset=\u00bbvc_hidden-sm vc_hidden-xs\u00bb css=\u00bb.vc_custom_1515674871084{margin-right: 0px !important;margin-left: 15px !important;border-right-width: 1px !important;padding-top: 0px !important;padding-right: 3% !important;padding-left: 20px !important;border-right-color: #00a7b5 !important;border-right-style: solid !important;}\u00bb][vc_widget_sidebar sidebar_id=\u00bbsidebar_menu_sidebar\u00bb][\/vc_column][vc_column width=\u00bb3\/4&#8243;][vc_row_inner css=\u00bb.vc_custom_1513886783819{margin-bottom: 0px !important;padding-bottom: 0px !important;}\u00bb][vc_column_inner width=\u00bb2\/3&#8243; css=\u00bb.vc_custom_1513886804627{margin-bottom: 0px !important;padding-bottom: 0px !important;}\u00bb][vc_column_text css=\u00bb.vc_custom_1518272372433{margin-bottom: 0px !important;padding-bottom: 25px !important;}\u00bb]<\/p>\n<h1>TI y software<\/h1>\n<h4>Los programas inform\u00e1ticos son una pieza clave en la vida diaria, desde la aplicaci\u00f3n GPS que le evita atascos de tr\u00e1fico de camino al trabajo, al controlador de la calefacci\u00f3n que le permite llegar a casa con una temperatura acogedora por la noche. Las traducciones de TI van desde los materiales de marketing para productos de hardware a proyectos de localizaci\u00f3n complejos para sistemas ERP de \u00faltima generaci\u00f3n.<\/h4>\n<p>[\/vc_column_text][\/vc_column_inner][vc_column_inner width=\u00bb1\/3&#8243; css=\u00bb.vc_custom_1513886816182{margin-bottom: 0px !important;padding-bottom: 0px !important;}\u00bb][\/vc_column_inner][\/vc_row_inner][vc_separator color=\u00bbcustom\u00bb border_width=\u00bb2&#8243; accent_color=\u00bb#00a7b5&#8243; css=\u00bb.vc_custom_1513887439940{margin-top: 0px !important;margin-bottom: 15px !important;border-bottom-width: 0px !important;padding-top: 0px !important;}\u00bb][vc_row_inner gap=\u00bb15&#8243;][vc_column_inner width=\u00bb1\/2&#8243;][\/vc_column_inner][vc_column_inner width=\u00bb1\/2&#8243;][\/vc_column_inner][\/vc_row_inner][vc_row_inner css=\u00bb.vc_custom_1516188293181{margin-bottom: 0px !important;padding-top: 1% !important;padding-right: 2% !important;padding-bottom: 0px !important;padding-left: 2% !important;background-color: #00a7b5 !important;}\u00bb el_id=\u00bbrequest-a-quote\u00bb][vc_column_inner][vc_column_text css=\u00bb.vc_custom_1514053075042{margin-bottom: 12px !important;padding-bottom: 0px !important;}\u00bb]<\/p>\n<h4 class=\"white quote\">Solicite un presupuesto<\/h4>\n<p>[\/vc_column_text][vc_separator color=\u00bbcustom\u00bb border_width=\u00bb2&#8243; accent_color=\u00bb#ffffff\u00bb css=\u00bb.vc_custom_1516188828069{margin-bottom: 0px !important;padding-bottom: 0px !important;}\u00bb][\/vc_column_inner][\/vc_row_inner][vc_row_inner css=\u00bb.vc_custom_1516188300365{margin-top: 0px !important;padding-top: 0px !important;padding-right: 2% !important;padding-left: 2% !important;background-color: #00a7b5 !important;}\u00bb][vc_column_inner width=\u00bb1\/4&#8243;][vc_column_text css=\u00bb.vc_custom_1518272398742{margin-bottom: 0px !important;padding-bottom: 25px !important;}\u00bb]<\/p>\n<h4 class=\"white\">\u00bfQuiere traducir un cat\u00e1logo o un manual de usuario? \u00bfNecesita su p\u00e1gina web en tres idiomas? \u00bfBusca un redactor en una lengua extranjera? \u00a1P\u00f3ngase en contacto con nosotros para obtener un presupuesto!<\/h4>\n<p>[\/vc_column_text][\/vc_column_inner][vc_column_inner width=\u00bb3\/4&#8243;]\n<div class=\"wpcf7 no-js\" id=\"wpcf7-f10929-o1\" lang=\"en-US\" dir=\"ltr\" data-wpcf7-id=\"10929\">\n<div class=\"screen-reader-response\"><p role=\"status\" aria-live=\"polite\" aria-atomic=\"true\"><\/p> <ul><\/ul><\/div>\n<form action=\"\/es\/wp-json\/wp\/v2\/pages\/10681#wpcf7-f10929-o1\" method=\"post\" class=\"wpcf7-form init\" aria-label=\"Contact form\" enctype=\"multipart\/form-data\" novalidate=\"novalidate\" data-status=\"init\">\n<fieldset class=\"hidden-fields-container\"><input type=\"hidden\" name=\"_wpcf7\" value=\"10929\" \/><input type=\"hidden\" name=\"_wpcf7_version\" value=\"6.1.5\" \/><input type=\"hidden\" name=\"_wpcf7_locale\" value=\"en_US\" \/><input type=\"hidden\" name=\"_wpcf7_unit_tag\" value=\"wpcf7-f10929-o1\" \/><input type=\"hidden\" name=\"_wpcf7_container_post\" value=\"0\" \/><input type=\"hidden\" name=\"_wpcf7_posted_data_hash\" value=\"\" \/><input type=\"hidden\" name=\"_wpcf7_recaptcha_response\" value=\"\" \/>\n<\/fieldset>\n<div id=\"responsive-form\" class=\"clearfix\">\n\t<div class=\"form-row\">\n\t\t<div class=\"column-half\">\n\t\t\t<p><span class=\"wpcf7-form-control-wrap\" data-name=\"your-name\"><input size=\"40\" maxlength=\"400\" class=\"wpcf7-form-control wpcf7-text wpcf7-validates-as-required\" aria-required=\"true\" aria-invalid=\"false\" placeholder=\"Nombre*\" value=\"\" type=\"text\" name=\"your-name\" \/><\/span>\n\t\t\t<\/p>\n\t\t<\/div>\n\t\t<div class=\"column-half\">\n\t\t\t<p><span class=\"wpcf7-form-control-wrap\" data-name=\"your-email\"><input size=\"40\" maxlength=\"400\" class=\"wpcf7-form-control wpcf7-email wpcf7-validates-as-required wpcf7-text wpcf7-validates-as-email\" aria-required=\"true\" aria-invalid=\"false\" placeholder=\"Correo electr\u00f3nico*\" value=\"\" type=\"email\" name=\"your-email\" \/><\/span>\n\t\t\t<\/p>\n\t\t<\/div>\n\t<\/div>\n\t<div class=\"form-row\">\n\t\t<div class=\"column-half\">\n\t\t\t<p><span class=\"wpcf7-form-control-wrap\" data-name=\"company\"><input size=\"40\" maxlength=\"400\" class=\"wpcf7-form-control wpcf7-text\" aria-invalid=\"false\" placeholder=\"Empresa\" value=\"\" type=\"text\" name=\"company\" \/><\/span>\n\t\t\t<\/p>\n\t\t<\/div>\n\t\t<div class=\"column-half\">\n\t\t\t<p><span class=\"wpcf7-form-control-wrap\" data-name=\"phone\"><input size=\"40\" maxlength=\"400\" class=\"wpcf7-form-control wpcf7-tel wpcf7-text wpcf7-validates-as-tel\" aria-invalid=\"false\" placeholder=\"Tel\u00e9fono\" value=\"\" type=\"tel\" name=\"phone\" \/><\/span>\n\t\t\t<\/p>\n\t\t<\/div>\n\t<\/div>\n\t<div class=\"form-row\">\n\t\t<div class=\"column-half\">\n\t\t\t<p><span class=\"wpcf7-form-control-wrap\" data-name=\"city\"><input size=\"40\" maxlength=\"400\" class=\"wpcf7-form-control wpcf7-text\" aria-invalid=\"false\" placeholder=\"Ciudad\" value=\"\" type=\"text\" name=\"city\" \/><\/span>\n\t\t\t<\/p>\n\t\t<\/div>\n\t\t<div class=\"column-half\">\n\t\t\t<p><span class=\"wpcf7-form-control-wrap\" data-name=\"your-subject\"><input size=\"40\" maxlength=\"400\" class=\"wpcf7-form-control wpcf7-text\" aria-invalid=\"false\" placeholder=\"Asunto\" value=\"\" type=\"text\" name=\"your-subject\" \/><\/span>\n\t\t\t<\/p>\n\t\t<\/div>\n\t<\/div>\n\t<div class=\"form-row\">\n\t\t<div class=\"column-full\">\n\t\t\t<p><span class=\"wpcf7-form-control-wrap\" data-name=\"textarea-message\"><textarea cols=\"40\" rows=\"10\" maxlength=\"2000\" class=\"wpcf7-form-control wpcf7-textarea\" aria-invalid=\"false\" placeholder=\"Deje un mensaje\" name=\"textarea-message\"><\/textarea><\/span>\n\t\t\t<\/p>\n\t\t<\/div>\n\t<\/div>\n\t<div class=\"form-row\">\n\t\t<div class=\"column-half\">\n\t\t\t<p><label>Subir archivo (m\u00e1ximo 5 MB)<span class=\"wpcf7-form-control-wrap\" data-name=\"uploadfile\"><input size=\"40\" class=\"wpcf7-form-control wpcf7-file\" accept=\".zip,.rar,.doc,.docx,.pdf,.xlsx,.xls,.xltx,.xlsm,.txt,.rtf,.jpg,.png,.tiff\" aria-invalid=\"false\" type=\"file\" name=\"uploadfile\" \/><\/span><\/label>\n\t\t\t<\/p>\n\t\t<\/div>\n\t<\/div>\n<\/div><!--end responsive-form-->\n<p><input class=\"wpcf7-form-control wpcf7-submit has-spinner\" type=\"submit\" value=\"Enviar\" \/>\n<\/p><div class=\"wpcf7-response-output\" aria-hidden=\"true\"><\/div>\n<\/form>\n<\/div>\n[\/vc_column_inner][\/vc_row_inner][\/vc_column][\/vc_row][vc_row disable_element=\u00bbyes\u00bb][vc_column offset=\u00bbvc_hidden-xs\u00bb][\/vc_column][\/vc_row]<\/p>\n<\/div>","protected":false},"excerpt":{"rendered":"<p>[vc_row][vc_column][vc_single_image image=\u00bb8677&#8243; img_size=\u00bb1600&#215;250&#8243; alignment=\u00bbcenter\u00bb][\/vc_column][\/vc_row][vc_row gap=\u00bb25&#8243; content_placement=\u00bbtop\u00bb css=\u00bb.vc_custom_1516188205269{margin-bottom: 4% !important;padding-top: 0px !important;}\u00bb][vc_column width=\u00bb1\/4&#8243; offset=\u00bbvc_hidden-sm vc_hidden-xs\u00bb css=\u00bb.vc_custom_1515674871084{margin-right: 0px !important;margin-left: 15px !important;border-right-width: 1px !important;padding-top: 0px !important;padding-right: 3% !important;padding-left:&hellip;<\/p>\n","protected":false},"author":6,"featured_media":0,"parent":0,"menu_order":5,"comment_status":"closed","ping_status":"closed","template":"","meta":{"_acf_changed":false,"footnotes":""},"class_list":["post-10681","page","type-page","status-publish","hentry"],"acf":[],"yoast_head":"<!-- This site is optimized with the Yoast SEO plugin v27.4 - https:\/\/yoast.com\/product\/yoast-seo-wordpress\/ -->\n<title>TI y software - Ampere Translations<\/title>\n<meta name=\"robots\" content=\"index, follow, max-snippet:-1, max-image-preview:large, max-video-preview:-1\" \/>\n<link rel=\"canonical\" href=\"https:\/\/www.amperetranslations.com\/es\/ti-y-software\/\" \/>\n<meta property=\"og:locale\" content=\"es_ES\" \/>\n<meta property=\"og:type\" content=\"article\" \/>\n<meta property=\"og:title\" content=\"TI y software - Ampere Translations\" \/>\n<meta property=\"og:description\" content=\"[vc_row][vc_column][vc_single_image image=\u00bb8677&#8243; img_size=\u00bb1600&#215;250&#8243; alignment=\u00bbcenter\u00bb][\/vc_column][\/vc_row][vc_row gap=\u00bb25&#8243; content_placement=\u00bbtop\u00bb css=\u00bb.vc_custom_1516188205269{margin-bottom: 4% !important;padding-top: 0px !important;}\u00bb][vc_column width=\u00bb1\/4&#8243; offset=\u00bbvc_hidden-sm vc_hidden-xs\u00bb css=\u00bb.vc_custom_1515674871084{margin-right: 0px !important;margin-left: 15px !important;border-right-width: 1px !important;padding-top: 0px !important;padding-right: 3% !important;padding-left:&hellip;\" \/>\n<meta property=\"og:url\" content=\"https:\/\/www.amperetranslations.com\/es\/ti-y-software\/\" \/>\n<meta property=\"og:site_name\" content=\"Ampere Translations\" \/>\n<meta property=\"article:publisher\" content=\"https:\/\/www.facebook.com\/amperetranslations\/\" \/>\n<meta property=\"article:modified_time\" content=\"2020-02-04T11:51:53+00:00\" \/>\n<meta property=\"og:image\" content=\"https:\/\/www.amperetranslations.com\/wp-content\/uploads\/2020\/02\/Marca-Ampere-Translations-2019-VERTICAL-01.jpg\" \/>\n<meta name=\"twitter:card\" content=\"summary_large_image\" \/>\n<meta name=\"twitter:site\" content=\"@amperenordic\" \/>\n<meta name=\"twitter:label1\" content=\"Tiempo de lectura\" \/>\n\t<meta name=\"twitter:data1\" content=\"2 minutos\" \/>\n<script type=\"application\/ld+json\" class=\"yoast-schema-graph\">{\"@context\":\"https:\\\/\\\/schema.org\",\"@graph\":[{\"@type\":\"WebPage\",\"@id\":\"https:\\\/\\\/www.amperetranslations.com\\\/es\\\/ti-y-software\\\/\",\"url\":\"https:\\\/\\\/www.amperetranslations.com\\\/es\\\/ti-y-software\\\/\",\"name\":\"TI y software - Ampere Translations\",\"isPartOf\":{\"@id\":\"https:\\\/\\\/www.amperetranslations.com\\\/#website\"},\"primaryImageOfPage\":{\"@id\":\"https:\\\/\\\/www.amperetranslations.com\\\/es\\\/ti-y-software\\\/#primaryimage\"},\"image\":{\"@id\":\"https:\\\/\\\/www.amperetranslations.com\\\/es\\\/ti-y-software\\\/#primaryimage\"},\"thumbnailUrl\":\"https:\\\/\\\/www.amperetranslations.com\\\/wp-content\\\/uploads\\\/2018\\\/01\\\/popup-blue-292x300.png\",\"datePublished\":\"2018-02-05T11:31:48+00:00\",\"dateModified\":\"2020-02-04T11:51:53+00:00\",\"breadcrumb\":{\"@id\":\"https:\\\/\\\/www.amperetranslations.com\\\/es\\\/ti-y-software\\\/#breadcrumb\"},\"inLanguage\":\"es\",\"potentialAction\":[{\"@type\":\"ReadAction\",\"target\":[\"https:\\\/\\\/www.amperetranslations.com\\\/es\\\/ti-y-software\\\/\"]}]},{\"@type\":\"ImageObject\",\"inLanguage\":\"es\",\"@id\":\"https:\\\/\\\/www.amperetranslations.com\\\/es\\\/ti-y-software\\\/#primaryimage\",\"url\":\"https:\\\/\\\/www.amperetranslations.com\\\/wp-content\\\/uploads\\\/2018\\\/01\\\/popup-blue-292x300.png\",\"contentUrl\":\"https:\\\/\\\/www.amperetranslations.com\\\/wp-content\\\/uploads\\\/2018\\\/01\\\/popup-blue-292x300.png\"},{\"@type\":\"BreadcrumbList\",\"@id\":\"https:\\\/\\\/www.amperetranslations.com\\\/es\\\/ti-y-software\\\/#breadcrumb\",\"itemListElement\":[{\"@type\":\"ListItem\",\"position\":1,\"name\":\"Home\",\"item\":\"https:\\\/\\\/www.amperetranslations.com\\\/es\\\/\"},{\"@type\":\"ListItem\",\"position\":2,\"name\":\"TI y software\"}]},{\"@type\":\"WebSite\",\"@id\":\"https:\\\/\\\/www.amperetranslations.com\\\/#website\",\"url\":\"https:\\\/\\\/www.amperetranslations.com\\\/\",\"name\":\"Ampere Translations\",\"description\":\"Translation Company\",\"publisher\":{\"@id\":\"https:\\\/\\\/www.amperetranslations.com\\\/#organization\"},\"potentialAction\":[{\"@type\":\"SearchAction\",\"target\":{\"@type\":\"EntryPoint\",\"urlTemplate\":\"https:\\\/\\\/www.amperetranslations.com\\\/?s={search_term_string}\"},\"query-input\":{\"@type\":\"PropertyValueSpecification\",\"valueRequired\":true,\"valueName\":\"search_term_string\"}}],\"inLanguage\":\"es\"},{\"@type\":\"Organization\",\"@id\":\"https:\\\/\\\/www.amperetranslations.com\\\/#organization\",\"name\":\"Ampere Translations\",\"url\":\"https:\\\/\\\/www.amperetranslations.com\\\/\",\"logo\":{\"@type\":\"ImageObject\",\"inLanguage\":\"es\",\"@id\":\"https:\\\/\\\/www.amperetranslations.com\\\/#\\\/schema\\\/logo\\\/image\\\/\",\"url\":\"https:\\\/\\\/www.amperetranslations.com\\\/wp-content\\\/uploads\\\/2019\\\/01\\\/logo-ampere-translations-2019.svg\",\"contentUrl\":\"https:\\\/\\\/www.amperetranslations.com\\\/wp-content\\\/uploads\\\/2019\\\/01\\\/logo-ampere-translations-2019.svg\",\"width\":1,\"height\":1,\"caption\":\"Ampere Translations\"},\"image\":{\"@id\":\"https:\\\/\\\/www.amperetranslations.com\\\/#\\\/schema\\\/logo\\\/image\\\/\"},\"sameAs\":[\"https:\\\/\\\/www.facebook.com\\\/amperetranslations\\\/\",\"https:\\\/\\\/x.com\\\/amperenordic\",\"https:\\\/\\\/www.linkedin.com\\\/company\\\/amperetranslations\\\/\",\"https:\\\/\\\/www.instagram.com\\\/amperetranslations\\\/\"]}]}<\/script>\n<!-- \/ Yoast SEO plugin. -->","yoast_head_json":{"title":"TI y software - Ampere Translations","robots":{"index":"index","follow":"follow","max-snippet":"max-snippet:-1","max-image-preview":"max-image-preview:large","max-video-preview":"max-video-preview:-1"},"canonical":"https:\/\/www.amperetranslations.com\/es\/ti-y-software\/","og_locale":"es_ES","og_type":"article","og_title":"TI y software - Ampere Translations","og_description":"[vc_row][vc_column][vc_single_image image=\u00bb8677&#8243; img_size=\u00bb1600&#215;250&#8243; alignment=\u00bbcenter\u00bb][\/vc_column][\/vc_row][vc_row gap=\u00bb25&#8243; content_placement=\u00bbtop\u00bb css=\u00bb.vc_custom_1516188205269{margin-bottom: 4% !important;padding-top: 0px !important;}\u00bb][vc_column width=\u00bb1\/4&#8243; offset=\u00bbvc_hidden-sm vc_hidden-xs\u00bb css=\u00bb.vc_custom_1515674871084{margin-right: 0px !important;margin-left: 15px !important;border-right-width: 1px !important;padding-top: 0px !important;padding-right: 3% !important;padding-left:&hellip;","og_url":"https:\/\/www.amperetranslations.com\/es\/ti-y-software\/","og_site_name":"Ampere Translations","article_publisher":"https:\/\/www.facebook.com\/amperetranslations\/","article_modified_time":"2020-02-04T11:51:53+00:00","og_image":[{"url":"https:\/\/www.amperetranslations.com\/wp-content\/uploads\/2020\/02\/Marca-Ampere-Translations-2019-VERTICAL-01.jpg","type":"","width":"","height":""}],"twitter_card":"summary_large_image","twitter_site":"@amperenordic","twitter_misc":{"Tiempo de lectura":"2 minutos"},"schema":{"@context":"https:\/\/schema.org","@graph":[{"@type":"WebPage","@id":"https:\/\/www.amperetranslations.com\/es\/ti-y-software\/","url":"https:\/\/www.amperetranslations.com\/es\/ti-y-software\/","name":"TI y software - Ampere Translations","isPartOf":{"@id":"https:\/\/www.amperetranslations.com\/#website"},"primaryImageOfPage":{"@id":"https:\/\/www.amperetranslations.com\/es\/ti-y-software\/#primaryimage"},"image":{"@id":"https:\/\/www.amperetranslations.com\/es\/ti-y-software\/#primaryimage"},"thumbnailUrl":"https:\/\/www.amperetranslations.com\/wp-content\/uploads\/2018\/01\/popup-blue-292x300.png","datePublished":"2018-02-05T11:31:48+00:00","dateModified":"2020-02-04T11:51:53+00:00","breadcrumb":{"@id":"https:\/\/www.amperetranslations.com\/es\/ti-y-software\/#breadcrumb"},"inLanguage":"es","potentialAction":[{"@type":"ReadAction","target":["https:\/\/www.amperetranslations.com\/es\/ti-y-software\/"]}]},{"@type":"ImageObject","inLanguage":"es","@id":"https:\/\/www.amperetranslations.com\/es\/ti-y-software\/#primaryimage","url":"https:\/\/www.amperetranslations.com\/wp-content\/uploads\/2018\/01\/popup-blue-292x300.png","contentUrl":"https:\/\/www.amperetranslations.com\/wp-content\/uploads\/2018\/01\/popup-blue-292x300.png"},{"@type":"BreadcrumbList","@id":"https:\/\/www.amperetranslations.com\/es\/ti-y-software\/#breadcrumb","itemListElement":[{"@type":"ListItem","position":1,"name":"Home","item":"https:\/\/www.amperetranslations.com\/es\/"},{"@type":"ListItem","position":2,"name":"TI y software"}]},{"@type":"WebSite","@id":"https:\/\/www.amperetranslations.com\/#website","url":"https:\/\/www.amperetranslations.com\/","name":"Ampere Translations","description":"Translation Company","publisher":{"@id":"https:\/\/www.amperetranslations.com\/#organization"},"potentialAction":[{"@type":"SearchAction","target":{"@type":"EntryPoint","urlTemplate":"https:\/\/www.amperetranslations.com\/?s={search_term_string}"},"query-input":{"@type":"PropertyValueSpecification","valueRequired":true,"valueName":"search_term_string"}}],"inLanguage":"es"},{"@type":"Organization","@id":"https:\/\/www.amperetranslations.com\/#organization","name":"Ampere Translations","url":"https:\/\/www.amperetranslations.com\/","logo":{"@type":"ImageObject","inLanguage":"es","@id":"https:\/\/www.amperetranslations.com\/#\/schema\/logo\/image\/","url":"https:\/\/www.amperetranslations.com\/wp-content\/uploads\/2019\/01\/logo-ampere-translations-2019.svg","contentUrl":"https:\/\/www.amperetranslations.com\/wp-content\/uploads\/2019\/01\/logo-ampere-translations-2019.svg","width":1,"height":1,"caption":"Ampere Translations"},"image":{"@id":"https:\/\/www.amperetranslations.com\/#\/schema\/logo\/image\/"},"sameAs":["https:\/\/www.facebook.com\/amperetranslations\/","https:\/\/x.com\/amperenordic","https:\/\/www.linkedin.com\/company\/amperetranslations\/","https:\/\/www.instagram.com\/amperetranslations\/"]}]}},"_links":{"self":[{"href":"https:\/\/www.amperetranslations.com\/es\/wp-json\/wp\/v2\/pages\/10681","targetHints":{"allow":["GET"]}}],"collection":[{"href":"https:\/\/www.amperetranslations.com\/es\/wp-json\/wp\/v2\/pages"}],"about":[{"href":"https:\/\/www.amperetranslations.com\/es\/wp-json\/wp\/v2\/types\/page"}],"author":[{"embeddable":true,"href":"https:\/\/www.amperetranslations.com\/es\/wp-json\/wp\/v2\/users\/6"}],"replies":[{"embeddable":true,"href":"https:\/\/www.amperetranslations.com\/es\/wp-json\/wp\/v2\/comments?post=10681"}],"version-history":[{"count":0,"href":"https:\/\/www.amperetranslations.com\/es\/wp-json\/wp\/v2\/pages\/10681\/revisions"}],"wp:attachment":[{"href":"https:\/\/www.amperetranslations.com\/es\/wp-json\/wp\/v2\/media?parent=10681"}],"curies":[{"name":"wp","href":"https:\/\/api.w.org\/{rel}","templated":true}]}}